{"id":15,"date":"2025-04-09T08:13:03","date_gmt":"2025-04-09T06:13:03","guid":{"rendered":"https:\/\/bb-havblik.dk\/?page_id=15"},"modified":"2025-05-26T10:28:28","modified_gmt":"2025-05-26T08:28:28","slug":"t","status":"publish","type":"page","link":"https:\/\/bb-havblik.dk\/","title":{"rendered":"Velkommen til vores hyggelige Bed &amp; Breakfast \u2013 \u00e5bent hele \u00e5ret"},"content":{"rendered":"\n<figure class=\"wp-block-image size-large\"><img loading=\"lazy\" decoding=\"async\" width=\"1024\" height=\"325\" src=\"https:\/\/bb-havblik.dk\/wp-content\/uploads\/2025\/04\/luftfoto2-1024x325.png\" alt=\"\" class=\"wp-image-54\" srcset=\"https:\/\/bb-havblik.dk\/wp-content\/uploads\/2025\/04\/luftfoto2-1024x325.png 1024w, https:\/\/bb-havblik.dk\/wp-content\/uploads\/2025\/04\/luftfoto2-300x95.png 300w, https:\/\/bb-havblik.dk\/wp-content\/uploads\/2025\/04\/luftfoto2-768x244.png 768w, https:\/\/bb-havblik.dk\/wp-content\/uploads\/2025\/04\/luftfoto2-1536x488.png 1536w, https:\/\/bb-havblik.dk\/wp-content\/uploads\/2025\/04\/luftfoto2-2048x651.png 2048w\" sizes=\"auto, (max-width: 1024px) 100vw, 1024px\" \/><\/figure>\n\n\n\n<p>Vores lille, charmerende B&amp;B ligger i Sk\u00e5rup\u00f8re \u2013 kun 7 km fra Svendborg \u2013 og blot 30 meter fra en b\u00f8rnevenlig strand. Her f\u00e5r du fred, n\u00e6rv\u00e6r og natursk\u00f8nne omgivelser lige uden for d\u00f8ren.<\/p>\n\n\n\n<p>Vi har en perfekt beliggenhed t\u00e6t p\u00e5 \u00d8havsstien og \u00d8sters\u00f8 Cykelruten \u2013 oplagt for dig, der vil ud og nyde naturen til fods eller p\u00e5 cykel. Herfra er det ogs\u00e5 nemt at tage p\u00e5 udflugter til de smukke sydfynske \u00f8er som Thur\u00f8, T\u00e5singe, Drej\u00f8, Hjort\u00f8, Langeland og \u00c6r\u00f8.<\/p>\n\n\n\n<p>I n\u00e6rheden finder du sp\u00e6ndende oplevelser for enhver smag, bl.a. Egeskov Slot, Valdemars Slot, Naturama, Forsorgsmuseet, Gorilla Park, Faaborg Kunstmuseum og flere golfbaner.<\/p>\n\n\n\n<p>Vi tilbyder to hyggelige v\u00e6relser \u2013 det ene med mulighed for opredning. Du har adgang til et lille thek\u00f8kken med alt, hvad du beh\u00f8ver til let madlavning: service, kaffemaskine, elkedel, to kogeplader og en kombiovn med mikro.<\/p>\n\n\n\n<p>N\u00e5r vejret er godt, kan du nyde morgenmaden i haven eller nede ved strandkanten. Der er gratis kaffe og te under opholdet \u2013 og naturligvis gratis tr\u00e5dl\u00f8st internet.<\/p>\n\n\n\n<p>Morgenmad er inkluderet i prisen, og vi f\u00e5r ofte ros for vores varierede og velsmagende udvalg. \u00d8nsker du ikke morgenmad, fratr\u00e6kker vi 25 kr. pr. person.<\/p>\n\n\n\n<p>Vi gl\u00e6der os til at byde dig velkommen!<\/p>\n\n\n\n<h2 class=\"wp-block-heading\">Priser<\/h2>\n\n\n\n<ul class=\"wp-block-list\">\n<li>Enkelt: 400,00 kr.<\/li>\n\n\n\n<li>Dobbelt: 700,00 kr.<\/li>\n\n\n\n<li>Hund: 50,00 kr.<\/li>\n\n\n\n<li>Fravalg morgenmad: -25,00 kr pr person<\/li>\n<\/ul>\n\n\n\n<div style=\"font-family: Arial, sans-serif; line-height: 1.6;\">\n  \ud83d\udc64 Ellen &#038; J\u00f8rgen Larsen<br>\n  \ud83d\udccd <a href=https:\/\/maps.app.goo.gl\/axtvmwmfFvUGw9Ne7>Sk\u00e5rup\u00f8re Strandvej 55, 5881 Sk\u00e5rup Fyn<\/a><br>\n  \ud83d\udcde +45 4224 4854<br>\n  \u2709\ufe0f <a href=\"mailto:havblik@sydfynsmail.dk\">havblik@sydfynsmail.dk<\/a>\n<\/div>\n\n\n\n<p><\/p>\n\n\n\n<div class=\"wp-block-media-text is-stacked-on-mobile\"><figure class=\"wp-block-media-text__media\"><img loading=\"lazy\" decoding=\"async\" width=\"1024\" height=\"768\" src=\"https:\/\/bb-havblik.dk\/wp-content\/uploads\/2025\/05\/1399170-HDR-1024x768.jpg\" alt=\"\" class=\"wp-image-77 size-full\" srcset=\"https:\/\/bb-havblik.dk\/wp-content\/uploads\/2025\/05\/1399170-HDR-1024x768.jpg 1024w, https:\/\/bb-havblik.dk\/wp-content\/uploads\/2025\/05\/1399170-HDR-300x225.jpg 300w, https:\/\/bb-havblik.dk\/wp-content\/uploads\/2025\/05\/1399170-HDR-768x576.jpg 768w, https:\/\/bb-havblik.dk\/wp-content\/uploads\/2025\/05\/1399170-HDR-1536x1152.jpg 1536w, https:\/\/bb-havblik.dk\/wp-content\/uploads\/2025\/05\/1399170-HDR.jpg 1920w\" sizes=\"auto, (max-width: 1024px) 100vw, 1024px\" \/><\/figure><div class=\"wp-block-media-text__content\">\n<p>Huset<\/p>\n<\/div><\/div>\n\n\n\n<div class=\"wp-block-media-text is-stacked-on-mobile\"><figure class=\"wp-block-media-text__media\"><img loading=\"lazy\" decoding=\"async\" width=\"1024\" height=\"768\" src=\"https:\/\/bb-havblik.dk\/wp-content\/uploads\/2025\/05\/1399015-HDR-1024x768.jpg\" alt=\"\" class=\"wp-image-67 size-full\" srcset=\"https:\/\/bb-havblik.dk\/wp-content\/uploads\/2025\/05\/1399015-HDR-1024x768.jpg 1024w, https:\/\/bb-havblik.dk\/wp-content\/uploads\/2025\/05\/1399015-HDR-300x225.jpg 300w, https:\/\/bb-havblik.dk\/wp-content\/uploads\/2025\/05\/1399015-HDR-768x576.jpg 768w, https:\/\/bb-havblik.dk\/wp-content\/uploads\/2025\/05\/1399015-HDR-1536x1152.jpg 1536w, https:\/\/bb-havblik.dk\/wp-content\/uploads\/2025\/05\/1399015-HDR.jpg 1920w\" sizes=\"auto, (max-width: 1024px) 100vw, 1024px\" \/><\/figure><div class=\"wp-block-media-text__content\">\n<p>Morgenmad udenfor<\/p>\n<\/div><\/div>\n\n\n\n<div class=\"wp-block-media-text is-stacked-on-mobile\"><figure class=\"wp-block-media-text__media\"><img loading=\"lazy\" decoding=\"async\" width=\"1024\" height=\"768\" src=\"https:\/\/bb-havblik.dk\/wp-content\/uploads\/2025\/05\/1399080-HDR-1024x768.jpg\" alt=\"\" class=\"wp-image-73 size-full\" srcset=\"https:\/\/bb-havblik.dk\/wp-content\/uploads\/2025\/05\/1399080-HDR-1024x768.jpg 1024w, https:\/\/bb-havblik.dk\/wp-content\/uploads\/2025\/05\/1399080-HDR-300x225.jpg 300w, https:\/\/bb-havblik.dk\/wp-content\/uploads\/2025\/05\/1399080-HDR-768x576.jpg 768w, https:\/\/bb-havblik.dk\/wp-content\/uploads\/2025\/05\/1399080-HDR-1536x1152.jpg 1536w, https:\/\/bb-havblik.dk\/wp-content\/uploads\/2025\/05\/1399080-HDR.jpg 1920w\" sizes=\"auto, (max-width: 1024px) 100vw, 1024px\" \/><\/figure><div class=\"wp-block-media-text__content\">\n<p>V\u00e6relse 1<\/p>\n<\/div><\/div>\n\n\n\n<div class=\"wp-block-media-text is-stacked-on-mobile\"><figure class=\"wp-block-media-text__media\"><img loading=\"lazy\" decoding=\"async\" width=\"1024\" height=\"768\" src=\"https:\/\/bb-havblik.dk\/wp-content\/uploads\/2025\/05\/1399065-HDR-1024x768.jpg\" alt=\"\" class=\"wp-image-72 size-full\" srcset=\"https:\/\/bb-havblik.dk\/wp-content\/uploads\/2025\/05\/1399065-HDR-1024x768.jpg 1024w, https:\/\/bb-havblik.dk\/wp-content\/uploads\/2025\/05\/1399065-HDR-300x225.jpg 300w, https:\/\/bb-havblik.dk\/wp-content\/uploads\/2025\/05\/1399065-HDR-768x576.jpg 768w, https:\/\/bb-havblik.dk\/wp-content\/uploads\/2025\/05\/1399065-HDR-1536x1152.jpg 1536w, https:\/\/bb-havblik.dk\/wp-content\/uploads\/2025\/05\/1399065-HDR.jpg 1920w\" sizes=\"auto, (max-width: 1024px) 100vw, 1024px\" \/><\/figure><div class=\"wp-block-media-text__content\">\n<p>V\u00e6relse 2<\/p>\n<\/div><\/div>\n\n\n\n<div class=\"wp-block-media-text is-stacked-on-mobile\"><figure class=\"wp-block-media-text__media\"><img loading=\"lazy\" decoding=\"async\" width=\"1024\" height=\"768\" src=\"https:\/\/bb-havblik.dk\/wp-content\/uploads\/1399090-HDR-1024x768.jpg\" alt=\"\" class=\"wp-image-82 size-full\" srcset=\"https:\/\/bb-havblik.dk\/wp-content\/uploads\/1399090-HDR-1024x768.jpg 1024w, https:\/\/bb-havblik.dk\/wp-content\/uploads\/1399090-HDR-300x225.jpg 300w, https:\/\/bb-havblik.dk\/wp-content\/uploads\/1399090-HDR-768x576.jpg 768w, https:\/\/bb-havblik.dk\/wp-content\/uploads\/1399090-HDR-1536x1152.jpg 1536w, https:\/\/bb-havblik.dk\/wp-content\/uploads\/1399090-HDR.jpg 1920w\" sizes=\"auto, (max-width: 1024px) 100vw, 1024px\" \/><\/figure><div class=\"wp-block-media-text__content\">\n<p>Badev\u00e6relse<\/p>\n<\/div><\/div>\n\n\n\n<div class=\"wp-block-media-text is-stacked-on-mobile\"><figure class=\"wp-block-media-text__media\"><img loading=\"lazy\" decoding=\"async\" width=\"1024\" height=\"768\" src=\"https:\/\/bb-havblik.dk\/wp-content\/uploads\/2025\/05\/1399160-HDR-1024x768.jpg\" alt=\"\" class=\"wp-image-76 size-full\" srcset=\"https:\/\/bb-havblik.dk\/wp-content\/uploads\/2025\/05\/1399160-HDR-1024x768.jpg 1024w, https:\/\/bb-havblik.dk\/wp-content\/uploads\/2025\/05\/1399160-HDR-300x225.jpg 300w, https:\/\/bb-havblik.dk\/wp-content\/uploads\/2025\/05\/1399160-HDR-768x576.jpg 768w, https:\/\/bb-havblik.dk\/wp-content\/uploads\/2025\/05\/1399160-HDR-1536x1152.jpg 1536w, https:\/\/bb-havblik.dk\/wp-content\/uploads\/2025\/05\/1399160-HDR.jpg 1920w\" sizes=\"auto, (max-width: 1024px) 100vw, 1024px\" \/><\/figure><div class=\"wp-block-media-text__content\">\n<p>Te-K\u00f8kken\/bryggers<\/p>\n<\/div><\/div>\n\n\n\n<p><\/p>\n","protected":false},"excerpt":{"rendered":"<p>Vores lille, charmerende B&amp;B ligger i Sk\u00e5rup\u00f8re \u2013 kun 7 km fra Svendborg \u2013 og blot 30 meter fra en b\u00f8rnevenlig strand. Her f\u00e5r du fred, n\u00e6rv\u00e6r og natursk\u00f8nne omgivelser lige uden for d\u00f8ren. Vi har en perfekt beliggenhed t\u00e6t p\u00e5 \u00d8havsstien og \u00d8sters\u00f8 Cykelruten \u2013 oplagt for dig, der vil ud og nyde naturen [&hellip;]<\/p>\n","protected":false},"author":1,"featured_media":0,"parent":0,"menu_order":0,"comment_status":"closed","ping_status":"closed","template":"","meta":{"footnotes":""},"class_list":["post-15","page","type-page","status-publish","hentry"],"_links":{"self":[{"href":"https:\/\/bb-havblik.dk\/index.php?rest_route=\/wp\/v2\/pages\/15","targetHints":{"allow":["GET"]}}],"collection":[{"href":"https:\/\/bb-havblik.dk\/index.php?rest_route=\/wp\/v2\/pages"}],"about":[{"href":"https:\/\/bb-havblik.dk\/index.php?rest_route=\/wp\/v2\/types\/page"}],"author":[{"embeddable":true,"href":"https:\/\/bb-havblik.dk\/index.php?rest_route=\/wp\/v2\/users\/1"}],"replies":[{"embeddable":true,"href":"https:\/\/bb-havblik.dk\/index.php?rest_route=%2Fwp%2Fv2%2Fcomments&post=15"}],"version-history":[{"count":16,"href":"https:\/\/bb-havblik.dk\/index.php?rest_route=\/wp\/v2\/pages\/15\/revisions"}],"predecessor-version":[{"id":83,"href":"https:\/\/bb-havblik.dk\/index.php?rest_route=\/wp\/v2\/pages\/15\/revisions\/83"}],"wp:attachment":[{"href":"https:\/\/bb-havblik.dk\/index.php?rest_route=%2Fwp%2Fv2%2Fmedia&parent=15"}],"curies":[{"name":"wp","href":"https:\/\/api.w.org\/{rel}","templated":true}]}}